{"id":45,"date":"2019-10-19T13:42:58","date_gmt":"2019-10-19T13:42:58","guid":{"rendered":"http:\/\/gaudium-chor.com\/?page_id=45"},"modified":"2025-10-31T20:52:59","modified_gmt":"2025-10-31T20:52:59","slug":"hestia-front","status":"publish","type":"page","link":"https:\/\/gaudium-chor.com\/","title":{"rendered":"Startseite"},"content":{"rendered":"\t\t<div data-elementor-type=\"wp-page\" data-elementor-id=\"45\" class=\"elementor elementor-45\">\n\t\t\t\t\t\t<section class=\"elementor-section elementor-top-section elementor-element elementor-element-77e9b15 elementor-section-boxed elementor-section-height-default elementor-section-height-default\" data-id=\"77e9b15\" data-element_type=\"section\">\n\t\t\t\t\t\t<div class=\"elementor-container elementor-column-gap-default\">\n\t\t\t\t\t<div class=\"elementor-column elementor-col-100 elementor-top-column elementor-element elementor-element-a987712\" data-id=\"a987712\" data-element_type=\"column\">\n\t\t\t<div class=\"elementor-widget-wrap elementor-element-populated\">\n\t\t\t\t\t\t<div class=\"elementor-element elementor-element-5df363c elementor-widget elementor-widget-image\" data-id=\"5df363c\" data-element_type=\"widget\" data-widget_type=\"image.default\">\n\t\t\t\t<div class=\"elementor-widget-container\">\n\t\t\t\t\t\t\t\t\t\t\t\t\t<img fetchpriority=\"high\" decoding=\"async\" width=\"1158\" height=\"445\" src=\"https:\/\/gaudium-chor.com\/wp-content\/uploads\/2024\/02\/095065DB-7027-483D-864A-60FFED453A7E_1_105_c-e1708259625567.jpeg\" class=\"attachment-1536x1536 size-1536x1536 wp-image-4508\" alt=\"\" srcset=\"https:\/\/gaudium-chor.com\/wp-content\/uploads\/2024\/02\/095065DB-7027-483D-864A-60FFED453A7E_1_105_c-e1708259625567.jpeg 1158w, https:\/\/gaudium-chor.com\/wp-content\/uploads\/2024\/02\/095065DB-7027-483D-864A-60FFED453A7E_1_105_c-e1708259625567-300x115.jpeg 300w, https:\/\/gaudium-chor.com\/wp-content\/uploads\/2024\/02\/095065DB-7027-483D-864A-60FFED453A7E_1_105_c-e1708259625567-1024x394.jpeg 1024w, https:\/\/gaudium-chor.com\/wp-content\/uploads\/2024\/02\/095065DB-7027-483D-864A-60FFED453A7E_1_105_c-e1708259625567-768x295.jpeg 768w, https:\/\/gaudium-chor.com\/wp-content\/uploads\/2024\/02\/095065DB-7027-483D-864A-60FFED453A7E_1_105_c-e1708259625567-600x231.jpeg 600w\" sizes=\"(max-width: 1158px) 100vw, 1158px\" \/>\t\t\t\t\t\t\t\t\t\t\t\t\t<\/div>\n\t\t\t\t<\/div>\n\t\t\t\t\t<\/div>\n\t\t<\/div>\n\t\t\t\t\t<\/div>\n\t\t<\/section>\n\t\t\t\t<section class=\"elementor-section elementor-top-section elementor-element elementor-element-06c4f3f elementor-section-boxed elementor-section-height-default elementor-section-height-default\" data-id=\"06c4f3f\" data-element_type=\"section\">\n\t\t\t\t\t\t<div class=\"elementor-container elementor-column-gap-default\">\n\t\t\t\t\t<div class=\"elementor-column elementor-col-100 elementor-top-column elementor-element elementor-element-1318d23\" data-id=\"1318d23\" data-element_type=\"column\">\n\t\t\t<div class=\"elementor-widget-wrap elementor-element-populated\">\n\t\t\t\t\t\t<div class=\"elementor-element elementor-element-7058e55 elementor-widget elementor-widget-heading\" data-id=\"7058e55\" data-element_type=\"widget\" data-widget_type=\"heading.default\">\n\t\t\t\t<div class=\"elementor-widget-container\">\n\t\t\t<h1 class=\"elementor-heading-title elementor-size-default\"><b>M\u00e4nnerchor Gaudium<\/b><\/h1>\t\t<\/div>\n\t\t\t\t<\/div>\n\t\t\t\t\t<\/div>\n\t\t<\/div>\n\t\t\t\t\t<\/div>\n\t\t<\/section>\n\t\t\t\t<section class=\"elementor-section elementor-top-section elementor-element elementor-element-cd930e8 elementor-section-boxed elementor-section-height-default elementor-section-height-default\" data-id=\"cd930e8\" data-element_type=\"section\">\n\t\t\t\t\t\t<div class=\"elementor-container elementor-column-gap-default\">\n\t\t\t\t\t<div class=\"elementor-column elementor-col-100 elementor-top-column elementor-element elementor-element-97588db\" data-id=\"97588db\" data-element_type=\"column\">\n\t\t\t<div class=\"elementor-widget-wrap elementor-element-populated\">\n\t\t\t\t\t\t<div class=\"elementor-element elementor-element-f2540cb elementor-widget elementor-widget-heading\" data-id=\"f2540cb\" data-element_type=\"widget\" data-widget_type=\"heading.default\">\n\t\t\t\t<div class=\"elementor-widget-container\">\n\t\t\t<h4 class=\"elementor-heading-title elementor-size-default\">Frisch, frech, fr\u00f6hlich, anders<\/h4>\t\t<\/div>\n\t\t\t\t<\/div>\n\t\t\t\t\t<\/div>\n\t\t<\/div>\n\t\t\t\t\t<\/div>\n\t\t<\/section>\n\t\t\t\t<section class=\"elementor-section elementor-top-section elementor-element elementor-element-607a42e elementor-section-boxed elementor-section-height-default elementor-section-height-default\" data-id=\"607a42e\" data-element_type=\"section\">\n\t\t\t\t\t\t<div class=\"elementor-container elementor-column-gap-default\">\n\t\t\t\t\t<div class=\"elementor-column elementor-col-100 elementor-top-column elementor-element elementor-element-a661b5e\" data-id=\"a661b5e\" data-element_type=\"column\">\n\t\t\t<div class=\"elementor-widget-wrap elementor-element-populated\">\n\t\t\t\t\t\t<div class=\"elementor-element elementor-element-4db13d9 elementor-widget elementor-widget-heading\" data-id=\"4db13d9\" data-element_type=\"widget\" data-widget_type=\"heading.default\">\n\t\t\t\t<div class=\"elementor-widget-container\">\n\t\t\t<h6 class=\"elementor-heading-title elementor-size-default\">ein Name der halten soll, was er verspricht<\/h6>\t\t<\/div>\n\t\t\t\t<\/div>\n\t\t\t\t\t<\/div>\n\t\t<\/div>\n\t\t\t\t\t<\/div>\n\t\t<\/section>\n\t\t\t\t<section class=\"elementor-section elementor-top-section elementor-element elementor-element-6514c39 elementor-section-boxed elementor-section-height-default elementor-section-height-default\" data-id=\"6514c39\" data-element_type=\"section\">\n\t\t\t\t\t\t<div class=\"elementor-container elementor-column-gap-default\">\n\t\t\t\t\t<div class=\"elementor-column elementor-col-100 elementor-top-column elementor-element elementor-element-d06994c\" data-id=\"d06994c\" data-element_type=\"column\">\n\t\t\t<div class=\"elementor-widget-wrap elementor-element-populated\">\n\t\t\t\t\t\t<div class=\"elementor-element elementor-element-f30125a elementor-widget elementor-widget-spacer\" data-id=\"f30125a\" data-element_type=\"widget\" data-widget_type=\"spacer.default\">\n\t\t\t\t<div class=\"elementor-widget-container\">\n\t\t\t\t\t<div class=\"elementor-spacer\">\n\t\t\t<div class=\"elementor-spacer-inner\"><\/div>\n\t\t<\/div>\n\t\t\t\t<\/div>\n\t\t\t\t<\/div>\n\t\t\t\t<div class=\"elementor-element elementor-element-21542d1 elementor-widget__width-initial elementor-widget elementor-widget-heading\" data-id=\"21542d1\" data-element_type=\"widget\" data-widget_type=\"heading.default\">\n\t\t\t\t<div class=\"elementor-widget-container\">\n\t\t\t<h2 class=\"elementor-heading-title elementor-size-default\">Die Gaudium Revue 2025 - Das Gaudium Liebessschiff<\/h2>\t\t<\/div>\n\t\t\t\t<\/div>\n\t\t\t\t<div class=\"elementor-element elementor-element-cedf0fe elementor-widget elementor-widget-text-editor\" data-id=\"cedf0fe\" data-element_type=\"widget\" data-widget_type=\"text-editor.default\">\n\t\t\t\t<div class=\"elementor-widget-container\">\n\t\t\t\t\t\t\t<p style=\"text-align: center;\"><br \/>Die Sitzpl\u00e4tze f\u00fcr die Gaudium-Revue sind ausverkauft. F\u00fcr Restpl\u00e4tze schreiben Sie bitte eine Mail an karten[\u00e4t]gaudium-chor.com.<\/p>\t\t\t\t\t\t<\/div>\n\t\t\t\t<\/div>\n\t\t\t\t<div class=\"elementor-element elementor-element-fed9e92 elementor-widget elementor-widget-image\" data-id=\"fed9e92\" data-element_type=\"widget\" data-widget_type=\"image.default\">\n\t\t\t\t<div class=\"elementor-widget-container\">\n\t\t\t\t\t\t\t\t\t\t\t\t\t<img decoding=\"async\" width=\"724\" height=\"1024\" src=\"https:\/\/gaudium-chor.com\/wp-content\/uploads\/2025\/08\/WhatsApp-Image-2025-08-22-at-18.11.11-724x1024.jpeg\" class=\"attachment-large size-large wp-image-4580\" alt=\"\" srcset=\"https:\/\/gaudium-chor.com\/wp-content\/uploads\/2025\/08\/WhatsApp-Image-2025-08-22-at-18.11.11-724x1024.jpeg 724w, https:\/\/gaudium-chor.com\/wp-content\/uploads\/2025\/08\/WhatsApp-Image-2025-08-22-at-18.11.11-212x300.jpeg 212w, https:\/\/gaudium-chor.com\/wp-content\/uploads\/2025\/08\/WhatsApp-Image-2025-08-22-at-18.11.11-768x1086.jpeg 768w, https:\/\/gaudium-chor.com\/wp-content\/uploads\/2025\/08\/WhatsApp-Image-2025-08-22-at-18.11.11-600x849.jpeg 600w, https:\/\/gaudium-chor.com\/wp-content\/uploads\/2025\/08\/WhatsApp-Image-2025-08-22-at-18.11.11.jpeg 905w\" sizes=\"(max-width: 724px) 100vw, 724px\" \/>\t\t\t\t\t\t\t\t\t\t\t\t\t<\/div>\n\t\t\t\t<\/div>\n\t\t\t\t\t<\/div>\n\t\t<\/div>\n\t\t\t\t\t<\/div>\n\t\t<\/section>\n\t\t\t\t<section class=\"elementor-section elementor-top-section elementor-element elementor-element-940f26d elementor-section-boxed elementor-section-height-default elementor-section-height-default\" data-id=\"940f26d\" data-element_type=\"section\">\n\t\t\t\t\t\t<div class=\"elementor-container elementor-column-gap-default\">\n\t\t\t\t\t<div class=\"elementor-column elementor-col-20 elementor-top-column elementor-element elementor-element-4f5cc71\" data-id=\"4f5cc71\" data-element_type=\"column\">\n\t\t\t<div class=\"elementor-widget-wrap elementor-element-populated\">\n\t\t\t\t\t\t<div class=\"elementor-element elementor-element-6acaa60 elementor-align-center elementor-widget elementor-widget-button\" data-id=\"6acaa60\" data-element_type=\"widget\" data-widget_type=\"button.default\">\n\t\t\t\t<div class=\"elementor-widget-container\">\n\t\t\t\t\t<div class=\"elementor-button-wrapper\">\n\t\t\t<a class=\"elementor-button elementor-button-link elementor-size-md\" href=\"https:\/\/gaudium-chor.com\/?page_id=4322\">\n\t\t\t\t\t\t<span class=\"elementor-button-content-wrapper\">\n\t\t\t\t\t\t<span class=\"elementor-button-text\">Die Gaudianer<\/span>\n\t\t<\/span>\n\t\t\t\t\t<\/a>\n\t\t<\/div>\n\t\t\t\t<\/div>\n\t\t\t\t<\/div>\n\t\t\t\t\t<\/div>\n\t\t<\/div>\n\t\t\t\t<div class=\"elementor-column elementor-col-20 elementor-top-column elementor-element elementor-element-391a21a\" data-id=\"391a21a\" data-element_type=\"column\">\n\t\t\t<div class=\"elementor-widget-wrap elementor-element-populated\">\n\t\t\t\t\t\t<div class=\"elementor-element elementor-element-30996dc elementor-align-center elementor-widget elementor-widget-button\" data-id=\"30996dc\" data-element_type=\"widget\" data-widget_type=\"button.default\">\n\t\t\t\t<div class=\"elementor-widget-container\">\n\t\t\t\t\t<div class=\"elementor-button-wrapper\">\n\t\t\t<a class=\"elementor-button elementor-button-link elementor-size-md\" href=\"https:\/\/gaudium-chor.com\/?page_id=4353\">\n\t\t\t\t\t\t<span class=\"elementor-button-content-wrapper\">\n\t\t\t\t\t\t<span class=\"elementor-button-text\">Proben<\/span>\n\t\t<\/span>\n\t\t\t\t\t<\/a>\n\t\t<\/div>\n\t\t\t\t<\/div>\n\t\t\t\t<\/div>\n\t\t\t\t\t<\/div>\n\t\t<\/div>\n\t\t\t\t<div class=\"elementor-column elementor-col-20 elementor-top-column elementor-element elementor-element-1185339\" data-id=\"1185339\" data-element_type=\"column\">\n\t\t\t<div class=\"elementor-widget-wrap elementor-element-populated\">\n\t\t\t\t\t\t<div class=\"elementor-element elementor-element-3c24290 elementor-align-center elementor-widget elementor-widget-button\" data-id=\"3c24290\" data-element_type=\"widget\" data-widget_type=\"button.default\">\n\t\t\t\t<div class=\"elementor-widget-container\">\n\t\t\t\t\t<div class=\"elementor-button-wrapper\">\n\t\t\t<a class=\"elementor-button elementor-button-link elementor-size-md\" href=\"https:\/\/gaudium-chor.com\/?page_id=13\">\n\t\t\t\t\t\t<span class=\"elementor-button-content-wrapper\">\n\t\t\t\t\t\t<span class=\"elementor-button-text\">Auftritte & Projekte<\/span>\n\t\t<\/span>\n\t\t\t\t\t<\/a>\n\t\t<\/div>\n\t\t\t\t<\/div>\n\t\t\t\t<\/div>\n\t\t\t\t\t<\/div>\n\t\t<\/div>\n\t\t\t\t<div class=\"elementor-column elementor-col-20 elementor-top-column elementor-element elementor-element-fb1c1d9\" data-id=\"fb1c1d9\" data-element_type=\"column\">\n\t\t\t<div class=\"elementor-widget-wrap elementor-element-populated\">\n\t\t\t\t\t\t<div class=\"elementor-element elementor-element-9a9c16c elementor-align-center elementor-widget elementor-widget-button\" data-id=\"9a9c16c\" data-element_type=\"widget\" data-widget_type=\"button.default\">\n\t\t\t\t<div class=\"elementor-widget-container\">\n\t\t\t\t\t<div class=\"elementor-button-wrapper\">\n\t\t\t<a class=\"elementor-button elementor-button-link elementor-size-md\" href=\"https:\/\/gaudium-chor.com\/?page_id=4342\">\n\t\t\t\t\t\t<span class=\"elementor-button-content-wrapper\">\n\t\t\t\t\t\t<span class=\"elementor-button-text\">Gaudianer werden<\/span>\n\t\t<\/span>\n\t\t\t\t\t<\/a>\n\t\t<\/div>\n\t\t\t\t<\/div>\n\t\t\t\t<\/div>\n\t\t\t\t\t<\/div>\n\t\t<\/div>\n\t\t\t\t<div class=\"elementor-column elementor-col-20 elementor-top-column elementor-element elementor-element-bf79f10\" data-id=\"bf79f10\" data-element_type=\"column\">\n\t\t\t<div class=\"elementor-widget-wrap elementor-element-populated\">\n\t\t\t\t\t\t<div class=\"elementor-element elementor-element-827208b elementor-align-center elementor-widget elementor-widget-button\" data-id=\"827208b\" data-element_type=\"widget\" data-widget_type=\"button.default\">\n\t\t\t\t<div class=\"elementor-widget-container\">\n\t\t\t\t\t<div class=\"elementor-button-wrapper\">\n\t\t\t<a class=\"elementor-button elementor-button-link elementor-size-md\" href=\"https:\/\/gaudium-chor.com\/?page_id=4333\">\n\t\t\t\t\t\t<span class=\"elementor-button-content-wrapper\">\n\t\t\t\t\t\t<span class=\"elementor-button-text\">Hauptquartier<\/span>\n\t\t<\/span>\n\t\t\t\t\t<\/a>\n\t\t<\/div>\n\t\t\t\t<\/div>\n\t\t\t\t<\/div>\n\t\t\t\t\t<\/div>\n\t\t<\/div>\n\t\t\t\t\t<\/div>\n\t\t<\/section>\n\t\t\t\t<section class=\"elementor-section elementor-top-section elementor-element elementor-element-71716e8 elementor-section-boxed elementor-section-height-default elementor-section-height-default\" data-id=\"71716e8\" data-element_type=\"section\">\n\t\t\t\t\t\t<div class=\"elementor-container elementor-column-gap-default\">\n\t\t\t\t\t<div class=\"elementor-column elementor-col-100 elementor-top-column elementor-element elementor-element-bc5fff9\" data-id=\"bc5fff9\" data-element_type=\"column\">\n\t\t\t<div class=\"elementor-widget-wrap\">\n\t\t\t\t\t\t\t<\/div>\n\t\t<\/div>\n\t\t\t\t\t<\/div>\n\t\t<\/section>\n\t\t\t\t<\/div>\n\t\t","protected":false},"excerpt":{"rendered":"<p>M\u00e4nnerchor Gaudium Frisch, frech, fr\u00f6hlich, anders ein Name der halten soll, was er verspricht Die Gaudium Revue 2025 &#8211; Das Gaudium Liebessschiff Die Sitzpl\u00e4tze f\u00fcr die Gaudium-Revue sind ausverkauft. F\u00fcr Restpl\u00e4tze schreiben Sie bitte eine Mail an karten[\u00e4t]gaudium-chor.com. Die Gaudianer Proben Auftritte &#038; Projekte Gaudianer werden Hauptquartier<\/p>\n","protected":false},"author":1,"featured_media":4291,"parent":0,"menu_order":0,"comment_status":"closed","ping_status":"closed","template":"page-templates\/template-pagebuilder-full-width.php","meta":{"footnotes":""},"class_list":["post-45","page","type-page","status-publish","has-post-thumbnail","hentry"],"_links":{"self":[{"href":"https:\/\/gaudium-chor.com\/index.php?rest_route=\/wp\/v2\/pages\/45","targetHints":{"allow":["GET"]}}],"collection":[{"href":"https:\/\/gaudium-chor.com\/index.php?rest_route=\/wp\/v2\/pages"}],"about":[{"href":"https:\/\/gaudium-chor.com\/index.php?rest_route=\/wp\/v2\/types\/page"}],"author":[{"embeddable":true,"href":"https:\/\/gaudium-chor.com\/index.php?rest_route=\/wp\/v2\/users\/1"}],"replies":[{"embeddable":true,"href":"https:\/\/gaudium-chor.com\/index.php?rest_route=%2Fwp%2Fv2%2Fcomments&post=45"}],"version-history":[{"count":55,"href":"https:\/\/gaudium-chor.com\/index.php?rest_route=\/wp\/v2\/pages\/45\/revisions"}],"predecessor-version":[{"id":4610,"href":"https:\/\/gaudium-chor.com\/index.php?rest_route=\/wp\/v2\/pages\/45\/revisions\/4610"}],"wp:featuredmedia":[{"embeddable":true,"href":"https:\/\/gaudium-chor.com\/index.php?rest_route=\/wp\/v2\/media\/4291"}],"wp:attachment":[{"href":"https:\/\/gaudium-chor.com\/index.php?rest_route=%2Fwp%2Fv2%2Fmedia&parent=45"}],"curies":[{"name":"wp","href":"https:\/\/api.w.org\/{rel}","templated":true}]}}